{"id":162,"date":"2025-06-20T16:11:46","date_gmt":"2025-06-20T12:11:46","guid":{"rendered":"https:\/\/clients.whitestone.africa\/ahuvi\/?page_id=162"},"modified":"2025-10-01T23:48:52","modified_gmt":"2025-10-01T19:48:52","slug":"lifestyle","status":"publish","type":"page","link":"https:\/\/ahuviresort.com\/fr\/lifestyle\/","title":{"rendered":"Lifestyle"},"content":{"rendered":"<section class=\"bde-section-162-188 bde-section\">\n  \n  \n\t\n\n\n\n<div class=\"section-container\"><h1 class=\"bde-heading-162-190 bde-heading\">\nLifestyle<br>in Five Stars\n<\/h1><\/div>\n<\/section><section class=\"bde-section-162-102 bde-section\">\n              \n  \n  \n\t\n\n  <div class=\"section-background-overlay\"><\/div>\n\n\n<div class=\"section-container\"><div class=\"bde-div-162-194 bde-div\">\n  \n  \n\t\n\n\n\n<h3 class=\"bde-heading-162-195 bde-heading\">\nTropical Living\n<\/h3><div class=\"bde-grid-162-196 bde-grid\">\n  \n  \n\t\n\n\n\n<div class=\"bde-div-162-198 bde-div\">\n  \n  \n\t\n\n\n\n\n<\/div><div class=\"bde-text-162-197 bde-text\">\nLiving at AHUVI means embracing a tropical lifestyle where luxury blends seamlessly with nature and authenticity. Each day begins with the sunrise over the Indian Ocean, carried by gentle trade winds and the delicate scents of ylang-ylang and vanilla, the signature fragrances of Nosy Be.<br><br>The AHUVI lifestyle extends far beyond architecture. It comes alive in moments of sharing: a gourmet dinner by the sea, a cocktail at the beach club at sunset, sunrise yoga by the ocean, or a catamaran outing across turquoise lagoons. The resort offers a rare harmony between wellness, sport, and leisure.<br><br>Experience refined simplicity: 24\/7 concierge services, premium amenities, an organic grocery, and a modern medical center. Life here flows effortlessly\u2014light, serene, and elegant.\n<\/div>\n<\/div>\n<\/div><div class=\"bde-star-rating-162-193 bde-star-rating\">\n\n\n\n  <div class='bde-star-rating__wrapper'>\n    <svg xmlns=\"http:\/\/www.w3.org\/2000\/svg\" ifill=\"currentColor\" d=\"icon-star-full\" viewbox=\"0 0 32 32\"><path d=\"M32 12.408l-11.056-1.607-4.944-10.018-4.944 10.018-11.056 1.607 8 7.798-1.889 11.011 9.889-5.199 9.889 5.199-1.889-11.011 8-7.798z\"><\/path><\/svg>\n    <svg xmlns=\"http:\/\/www.w3.org\/2000\/svg\" ifill=\"currentColor\" d=\"icon-star-full\" viewbox=\"0 0 32 32\"><path d=\"M32 12.408l-11.056-1.607-4.944-10.018-4.944 10.018-11.056 1.607 8 7.798-1.889 11.011 9.889-5.199 9.889 5.199-1.889-11.011 8-7.798z\"><\/path><\/svg>\n    <svg xmlns=\"http:\/\/www.w3.org\/2000\/svg\" ifill=\"currentColor\" d=\"icon-star-full\" viewbox=\"0 0 32 32\"><path d=\"M32 12.408l-11.056-1.607-4.944-10.018-4.944 10.018-11.056 1.607 8 7.798-1.889 11.011 9.889-5.199 9.889 5.199-1.889-11.011 8-7.798z\"><\/path><\/svg>\n    <svg xmlns=\"http:\/\/www.w3.org\/2000\/svg\" ifill=\"currentColor\" d=\"icon-star-full\" viewbox=\"0 0 32 32\"><path d=\"M32 12.408l-11.056-1.607-4.944-10.018-4.944 10.018-11.056 1.607 8 7.798-1.889 11.011 9.889-5.199 9.889 5.199-1.889-11.011 8-7.798z\"><\/path><\/svg>\n    <svg xmlns=\"http:\/\/www.w3.org\/2000\/svg\" ifill=\"currentColor\" d=\"icon-star-full\" viewbox=\"0 0 32 32\"><path d=\"M32 12.408l-11.056-1.607-4.944-10.018-4.944 10.018-11.056 1.607 8 7.798-1.889 11.011 9.889-5.199 9.889 5.199-1.889-11.011 8-7.798z\"><\/path><\/svg>\n  <\/div>\n\n\n\n<svg width=\"0\" height=\"0\">\n<lineargradient id=\"starhalf193\" x1=\"0\" x2=\"100%\" y1=\"0\" y2=\"0\">\n        <stop offset=\"0%\" stop-color=\"#E4CB1CFF\"><\/stop>\n \t\t<stop offset=\"0%\" stop-color=\"lightgrey\"><\/stop>\n<\/lineargradient>\n<\/svg>\n\n<\/div><\/div>\n<\/section><section class=\"bde-section-162-178 bde-section\">\n  \n  \n\t\n\n\n\n<div class=\"section-container\"><h3 class=\"bde-heading-162-179 bde-heading\">\nTranquility\n<\/h3><\/div>\n<\/section><section class=\"bde-section-162-147 bde-section\">\n  \n  \n\t\n\n\n\n<div class=\"section-container\"><div class=\"bde-image-box-162-150 bde-image-box bde-image-box-content-padding-only\">\n<div class=\"ee-imagebox-image\">\n  <img loading=\"lazy\" decoding=\"async\" class=\"breakdance-image-object\" src=\"https:\/\/ahuviresort.com\/wp-content\/uploads\/2025\/09\/ahuvi-nosy-be-lifestyle.webp\" width=\"1980\" height=\"1112\" srcset=\"https:\/\/ahuviresort.com\/wp-content\/uploads\/2025\/09\/ahuvi-nosy-be-lifestyle.webp 1980w, https:\/\/ahuviresort.com\/wp-content\/uploads\/2025\/09\/ahuvi-nosy-be-lifestyle-300x168.webp 300w, https:\/\/ahuviresort.com\/wp-content\/uploads\/2025\/09\/ahuvi-nosy-be-lifestyle-1024x575.webp 1024w, https:\/\/ahuviresort.com\/wp-content\/uploads\/2025\/09\/ahuvi-nosy-be-lifestyle-768x431.webp 768w, https:\/\/ahuviresort.com\/wp-content\/uploads\/2025\/09\/ahuvi-nosy-be-lifestyle-1536x863.webp 1536w, https:\/\/ahuviresort.com\/wp-content\/uploads\/2025\/09\/ahuvi-nosy-be-lifestyle-18x10.webp 18w\" sizes=\"auto, (max-width: 1980px) 100vw, 1980px\" alt=\"Nosy Be\">\n<\/div>\n<div class=\"ee-imagebox-content\">\n      <h3 class=\"ee-imagebox-title bde-h3\" >Whispers of Paradise<\/h3>\n    \n      <div class=\"ee-imagebox-text\" >Endless white-sand beaches kissed by turquoise waters.\u2028A place where time slows, elegance flows, and every step feels like freedom.\u2028At Nosy Be, the horizon is not just a view\u2014it\u2019s a promise of serenity.<\/div>\n    \n  <\/div>\n\n<\/div><a class=\"bde-container-link-162-174 bde-container-link breakdance-link\" href=\"#\" target=\"_self\">\n  \n  \n\t\n\n\n\n\n\n<\/a><\/div>\n<\/section><section class=\"bde-section-162-180 bde-section\">\n  \n  \n\t\n\n\n\n<div class=\"section-container\"><h3 class=\"bde-heading-162-181 bde-heading\">\nHarmony\n<\/h3><\/div>\n<\/section><section class=\"bde-section-162-151 bde-section\">\n  \n  \n\t\n\n\n\n<div class=\"section-container\"><div class=\"bde-div-162-152 bde-div\">\n  \n  \n\t\n\n\n\n<img decoding=\"async\" class=\"bde-image2-162-153 bde-image2\" src=\"https:\/\/ahuviresort.com\/wp-content\/uploads\/2025\/09\/golfer-ball.svg\" loading=\"lazy\"><div class=\"bde-image-box-162-154 bde-image-box bde-image-box-content-padding-only\">\n<div class=\"ee-imagebox-image\">\n  <img loading=\"lazy\" decoding=\"async\" class=\"breakdance-image-object\" src=\"https:\/\/ahuviresort.com\/wp-content\/uploads\/2025\/09\/ahuvi-golf-lifestyle.webp\" width=\"1980\" height=\"1080\" srcset=\"https:\/\/ahuviresort.com\/wp-content\/uploads\/2025\/09\/ahuvi-golf-lifestyle.webp 1980w, https:\/\/ahuviresort.com\/wp-content\/uploads\/2025\/09\/ahuvi-golf-lifestyle-300x164.webp 300w, https:\/\/ahuviresort.com\/wp-content\/uploads\/2025\/09\/ahuvi-golf-lifestyle-1024x559.webp 1024w, https:\/\/ahuviresort.com\/wp-content\/uploads\/2025\/09\/ahuvi-golf-lifestyle-768x419.webp 768w, https:\/\/ahuviresort.com\/wp-content\/uploads\/2025\/09\/ahuvi-golf-lifestyle-1536x838.webp 1536w, https:\/\/ahuviresort.com\/wp-content\/uploads\/2025\/09\/ahuvi-golf-lifestyle-18x10.webp 18w\" sizes=\"auto, (max-width: 1980px) 100vw, 1980px\" alt=\"Ahuvi Golf\">\n<\/div>\n<div class=\"ee-imagebox-content\">\n      <p class=\"ee-imagebox-title bde-h3\" >The Art of Golf in Harmony with Nature<\/p>\n    \n      <div class=\"ee-imagebox-text\" >At AHUVI, every fairway winds through a sanctuary of biodiversity.\u2028Designed by masters of the game, this course blends technical precision and breathtaking scenery, where each swing is embraced by the rhythm of the island.<\/div>\n    \n  <\/div>\n\n<\/div>\n<\/div><\/div>\n<\/section><section class=\"bde-section-162-182 bde-section\">\n  \n  \n\t\n\n\n\n<div class=\"section-container\"><h3 class=\"bde-heading-162-183 bde-heading\">\nWellness\n<\/h3><\/div>\n<\/section><section class=\"bde-section-162-135 bde-section\">\n  \n  \n\t\n\n\n\n<div class=\"section-container\"><div class=\"bde-div-162-139 bde-div\">\n  \n  \n\t\n\n\n\n<div class=\"bde-div-162-140 bde-div\">\n  \n  \n\t\n\n\n\n\n<\/div><div class=\"bde-image-box-162-141 bde-image-box bde-image-box-content-padding-only\">\n<div class=\"ee-imagebox-image\">\n  <img loading=\"lazy\" decoding=\"async\" class=\"breakdance-image-object\" src=\"https:\/\/ahuviresort.com\/wp-content\/uploads\/2025\/09\/ahuvi-lifestyle-spa.webp\" width=\"800\" height=\"1200\" srcset=\"https:\/\/ahuviresort.com\/wp-content\/uploads\/2025\/09\/ahuvi-lifestyle-spa.webp 800w, https:\/\/ahuviresort.com\/wp-content\/uploads\/2025\/09\/ahuvi-lifestyle-spa-200x300.webp 200w, https:\/\/ahuviresort.com\/wp-content\/uploads\/2025\/09\/ahuvi-lifestyle-spa-683x1024.webp 683w, https:\/\/ahuviresort.com\/wp-content\/uploads\/2025\/09\/ahuvi-lifestyle-spa-768x1152.webp 768w, https:\/\/ahuviresort.com\/wp-content\/uploads\/2025\/09\/ahuvi-lifestyle-spa-8x12.webp 8w\" sizes=\"auto, (max-width: 800px) 100vw, 800px\" alt=\"Ahuvi Lifestyle Spa\">\n<\/div>\n<div class=\"ee-imagebox-content\">\n      <h3 class=\"ee-imagebox-title bde-h3\" >Spa<\/h3>\n    \n      <div class=\"ee-imagebox-text\" >Nestled by the ocean, the spa offers an atmosphere of pure tranquility.\u2028A place where the sound of waves and the horizon itself become part of the experience.<\/div>\n    \n  <\/div>\n\n<\/div>\n<\/div><div class=\"bde-div-162-142 bde-div\">\n  \n  \n\t\n\n\n\n<div class=\"bde-image-box-162-143 bde-image-box\">\n<div class=\"ee-imagebox-image\">\n  <img loading=\"lazy\" decoding=\"async\" class=\"breakdance-image-object\" src=\"data:image\/svg+xml;charset=UTF-8,%3csvg xmlns='http:\/\/www.w3.org\/2000\/svg' width='540' height='540' viewBox='0 0 140 140'%3e%3cpath d='M0 0h140v140H0z' fill='%23e5e7eb'\/%3e%3cpath d='M88 82.46H51.8v-4.52l6.74-6.74a1.13 1.13 0 011.6 0l5.23 5.23 12.76-12.77a1.13 1.13 0 011.6 0L88 71.91z' fill='%23e5e7eb'\/%3e%3cpath d='M89.48 52.32H50.29a4.52 4.52 0 00-4.52 4.52V84a4.53 4.53 0 004.52 4.52h39.19A4.52 4.52 0 0094 84V56.84a4.52 4.52 0 00-4.52-4.52zm-33.16 5.27a5.28 5.28 0 11-5.27 5.28 5.27 5.27 0 015.27-5.28zM88 82.46H51.8v-4.52l6.74-6.74a1.13 1.13 0 011.6 0l5.23 5.23 12.76-12.77a1.13 1.13 0 011.6 0L88 71.91z' fill='%23d1d5db'\/%3e%3c\/svg%3e\" width=\"540\" height=\"540\">\n<\/div>\n<div class=\"ee-imagebox-content\">\n      <h3 class=\"ee-imagebox-title bde-h3\" >Venez pour le golf, restez pour le prestige, l'hospitalit\u00e9 cinq \u00e9toiles et la beaut\u00e9 naturelle in\u00e9gal\u00e9e<\/h3>\n    \n    \n          \n                        \n                        \n    \n    \n    \n    \n            \n                    \n            \n            \n\n    \n    \n    \n    \n    \n    <a class=\"breakdance-link button-atom button-atom--secondary ee-imagebox-button\" href=\"\/fr\/contact\/\" target=\"_self\" data-type=\"url\"  >\n\n    \n        <span class=\"button-atom__text\">Register your interest today<\/span>\n\n        \n        \n                <\/a>\n\n    \n\n  <\/div>\n\n<\/div>\n<\/div><\/div>\n<\/section><section class=\"bde-section-162-184 bde-section\">\n  \n  \n\t\n\n\n\n<div class=\"section-container\"><h3 class=\"bde-heading-162-185 bde-heading\">\nSerenity\n<\/h3><\/div>\n<\/section><section class=\"bde-section-162-162 bde-section\">\n  \n  \n\t\n\n\n\n<div class=\"section-container\"><div class=\"bde-image-box-162-165 bde-image-box bde-image-box-content-padding-only\">\n<div class=\"ee-imagebox-image\">\n  <img loading=\"lazy\" decoding=\"async\" class=\"breakdance-image-object\" src=\"data:image\/svg+xml;charset=UTF-8,%3csvg xmlns='http:\/\/www.w3.org\/2000\/svg' width='540' height='540' viewBox='0 0 140 140'%3e%3cpath d='M0 0h140v140H0z' fill='%23e5e7eb'\/%3e%3cpath d='M88 82.46H51.8v-4.52l6.74-6.74a1.13 1.13 0 011.6 0l5.23 5.23 12.76-12.77a1.13 1.13 0 011.6 0L88 71.91z' fill='%23e5e7eb'\/%3e%3cpath d='M89.48 52.32H50.29a4.52 4.52 0 00-4.52 4.52V84a4.53 4.53 0 004.52 4.52h39.19A4.52 4.52 0 0094 84V56.84a4.52 4.52 0 00-4.52-4.52zm-33.16 5.27a5.28 5.28 0 11-5.27 5.28 5.27 5.27 0 015.27-5.28zM88 82.46H51.8v-4.52l6.74-6.74a1.13 1.13 0 011.6 0l5.23 5.23 12.76-12.77a1.13 1.13 0 011.6 0L88 71.91z' fill='%23d1d5db'\/%3e%3c\/svg%3e\" width=\"540\" height=\"540\">\n<\/div>\n<div class=\"ee-imagebox-content\">\n      <h3 class=\"ee-imagebox-title bde-h3\" >A Haven of Peace & Tranquility<\/h3>\n    \n      <div class=\"ee-imagebox-text\" >At AHUVI, serenity is not a promise\u2014it is a true art of living. From the very moment you enter, a sense of calm envelops you, carried by the rhythm of the ocean and the gentle breath of the trade winds. The outside world fades away, time slows down, and only the essential remains: peace, beauty, and harmony. <br><br> Beyond the residences, the entire estate becomes an extension of this inner calm. The golf course unfolds like a living masterpiece within a sanctuary of biodiversity, the oceanfront spa offers soothing rituals, and the endless beaches open onto horizons where only the whispers of the waves remain. <br><br> At AHUVI, serenity is more than an experience\u2014it is a legacy. A timeless refuge where nature, architecture, and human care come together to restore balance, inspire joy, and reveal the essential as something self-evident.<\/div>\n    \n  <\/div>\n\n<\/div><\/div>\n<\/section><section class=\"bde-section-162-186 bde-section\">\n  \n  \n\t\n\n\n\n<div class=\"section-container\"><h3 class=\"bde-heading-162-187 bde-heading\">\nAdventure\n<\/h3><\/div>\n<\/section><div class=\"bde-globalblock-162-173 bde-globalblock\"><section class=\"bde-section-1229-107-1229-1 bde-section bde-section-1229-107\">\n  \n  \n\t\n\n\n\n<div class=\"section-container\"><h3 class=\"bde-heading-1229-108-1229-1 bde-heading bde-heading-1229-108\">\n<span style=\"color:#4C6D40; font-style:italic; text-transform:capitalize; font-size:xxx-large;letter-spacing:0px;\">D\u00e9couvrez<\/span> Nos biens en vente\n<\/h3><\/div>\n<\/section><section class=\"bde-section-1229-100-1229-1 bde-section bde-section-1229-100\">\n  \n  \n\t\n\n\n\n<div class=\"section-container\"><a class=\"bde-container-link-1229-101-1229-1 bde-container-link bde-container-link-1229-101 breakdance-link\" href=\"https:\/\/ahuviresort.com\/fr\/sky-villas\/\" target=\"_self\" data-type=\"url\">\n  \n  \n\t\n\n\n\n<h4 class=\"bde-heading-1229-102-1229-1 bde-heading bde-heading-1229-102\">\nSeaFair<br>Villas\n<\/h4>\n\n<\/a><a class=\"bde-container-link-1229-103-1229-1 bde-container-link bde-container-link-1229-103 breakdance-link\" href=\"https:\/\/ahuviresort.com\/fr\/signature-lodges\/\" target=\"_self\" data-type=\"url\">\n  \n  \n\t\n\n\n\n<h4 class=\"bde-heading-1229-104-1229-1 bde-heading bde-heading-1229-104\">\nSignature<br>Lodges\n<\/h4>\n\n<\/a><a class=\"bde-container-link-1229-105-1229-1 bde-container-link bde-container-link-1229-105 breakdance-link\" href=\"https:\/\/ahuviresort.com\/fr\/sky-villas\/\" target=\"_self\" data-type=\"url\">\n  \n  \n\t\n\n\n\n<h4 class=\"bde-heading-1229-106-1229-1 bde-heading bde-heading-1229-106\">\nSky<br>Villas\n<\/h4>\n\n<\/a><\/div>\n<\/section><\/div>","protected":false},"excerpt":{"rendered":"<p>Lifestylein Five Stars Tropical Living Living at AHUVI means embracing a tropical lifestyle where luxury blends seamlessly with nature and authenticity. Each day begins with the sunrise over the Indian Ocean, carried by gentle trade winds and the delicate scents of ylang-ylang and vanilla, the signature fragrances of Nosy Be.The AHUVI lifestyle extends far beyond [&hellip;]<\/p>\n","protected":false},"author":1,"featured_media":0,"parent":0,"menu_order":0,"comment_status":"closed","ping_status":"closed","template":"","meta":{"_breakdance_hide_in_design_set":false,"_breakdance_tags":"","footnotes":""},"class_list":["post-162","page","type-page","status-publish","hentry"],"yoast_head":"<!-- This site is optimized with the Yoast SEO Premium plugin v26.5 (Yoast SEO v27.1.1) - https:\/\/yoast.com\/product\/yoast-seo-premium-wordpress\/ -->\n<title>Lifestyle - Ahuvi Resort<\/title>\n<meta name=\"description\" content=\"Living at AHUVI means embracing a tropical lifestyle where luxury blends seamlessly with nature and authenticity.\" \/>\n<meta name=\"robots\" content=\"index, follow, max-snippet:-1, max-image-preview:large, max-video-preview:-1\" \/>\n<link rel=\"canonical\" href=\"https:\/\/ahuviresort.com\/fr\/lifestyle\/\" \/>\n<meta property=\"og:locale\" content=\"fr_FR\" \/>\n<meta property=\"og:type\" content=\"article\" \/>\n<meta property=\"og:title\" content=\"Lifestyle\" \/>\n<meta property=\"og:description\" content=\"Living at AHUVI means embracing a tropical lifestyle where luxury blends seamlessly with nature and authenticity.\" \/>\n<meta property=\"og:url\" content=\"https:\/\/ahuviresort.com\/fr\/lifestyle\/\" \/>\n<meta property=\"og:site_name\" content=\"Ahuvi Resort\" \/>\n<meta property=\"article:publisher\" content=\"https:\/\/www.facebook.com\/p\/Ahuvi-Golf-Spa-Resort-Nosy-Be-61577064327593\/\" \/>\n<meta property=\"article:modified_time\" content=\"2025-10-01T19:48:52+00:00\" \/>\n<meta property=\"og:image\" content=\"https:\/\/ahuviresort.com\/wp-content\/uploads\/2025\/09\/woman-beach.webp\" \/>\n\t<meta property=\"og:image:width\" content=\"1980\" \/>\n\t<meta property=\"og:image:height\" content=\"1319\" \/>\n\t<meta property=\"og:image:type\" content=\"image\/webp\" \/>\n<meta name=\"twitter:card\" content=\"summary_large_image\" \/>\n<script type=\"application\/ld+json\" class=\"yoast-schema-graph\">{\"@context\":\"https:\/\/schema.org\",\"@graph\":[{\"@type\":\"WebPage\",\"@id\":\"https:\/\/ahuviresort.com\/lifestyle\/\",\"url\":\"https:\/\/ahuviresort.com\/lifestyle\/\",\"name\":\"Lifestyle - Ahuvi Resort\",\"isPartOf\":{\"@id\":\"https:\/\/ahuviresort.com\/fr\/#website\"},\"datePublished\":\"2025-06-20T12:11:46+00:00\",\"dateModified\":\"2025-10-01T19:48:52+00:00\",\"description\":\"Living at AHUVI means embracing a tropical lifestyle where luxury blends seamlessly with nature and authenticity.\",\"breadcrumb\":{\"@id\":\"https:\/\/ahuviresort.com\/lifestyle\/#breadcrumb\"},\"inLanguage\":\"fr-FR\",\"potentialAction\":[{\"@type\":\"ReadAction\",\"target\":[\"https:\/\/ahuviresort.com\/lifestyle\/\"]}]},{\"@type\":\"BreadcrumbList\",\"@id\":\"https:\/\/ahuviresort.com\/lifestyle\/#breadcrumb\",\"itemListElement\":[{\"@type\":\"ListItem\",\"position\":1,\"name\":\"Home\",\"item\":\"https:\/\/ahuviresort.com\/\"},{\"@type\":\"ListItem\",\"position\":2,\"name\":\"Lifestyle\"}]},{\"@type\":\"WebSite\",\"@id\":\"https:\/\/ahuviresort.com\/fr\/#website\",\"url\":\"https:\/\/ahuviresort.com\/fr\/\",\"name\":\"Ahuvi Golf and Spa Resort\",\"description\":\"Golf &amp; Spa Resort\",\"publisher\":{\"@id\":\"https:\/\/ahuviresort.com\/fr\/#organization\"},\"alternateName\":\"Ahuvi Resort\",\"potentialAction\":[{\"@type\":\"SearchAction\",\"target\":{\"@type\":\"EntryPoint\",\"urlTemplate\":\"https:\/\/ahuviresort.com\/fr\/?s={search_term_string}\"},\"query-input\":{\"@type\":\"PropertyValueSpecification\",\"valueRequired\":true,\"valueName\":\"search_term_string\"}}],\"inLanguage\":\"fr-FR\"},{\"@type\":\"Organization\",\"@id\":\"https:\/\/ahuviresort.com\/fr\/#organization\",\"name\":\"Ahuvi Golf and Spa Resort\",\"url\":\"https:\/\/ahuviresort.com\/fr\/\",\"logo\":{\"@type\":\"ImageObject\",\"inLanguage\":\"fr-FR\",\"@id\":\"https:\/\/ahuviresort.com\/fr\/#\/schema\/logo\/image\/\",\"url\":\"https:\/\/ahuviresort.com\/wp-content\/uploads\/2025\/09\/ahuvi-logo.svg\",\"contentUrl\":\"https:\/\/ahuviresort.com\/wp-content\/uploads\/2025\/09\/ahuvi-logo.svg\",\"width\":1,\"height\":1,\"caption\":\"Ahuvi Golf and Spa Resort\"},\"image\":{\"@id\":\"https:\/\/ahuviresort.com\/fr\/#\/schema\/logo\/image\/\"},\"sameAs\":[\"https:\/\/www.facebook.com\/p\/Ahuvi-Golf-Spa-Resort-Nosy-Be-61577064327593\/\",\"https:\/\/www.youtube.com\/watch?v=9EuyoNVBDt8\"]}]}<\/script>\n<!-- \/ Yoast SEO Premium plugin. -->","yoast_head_json":{"title":"Lifestyle - Ahuvi Resort","description":"Living at AHUVI means embracing a tropical lifestyle where luxury blends seamlessly with nature and authenticity.","robots":{"index":"index","follow":"follow","max-snippet":"max-snippet:-1","max-image-preview":"max-image-preview:large","max-video-preview":"max-video-preview:-1"},"canonical":"https:\/\/ahuviresort.com\/fr\/lifestyle\/","og_locale":"fr_FR","og_type":"article","og_title":"Lifestyle","og_description":"Living at AHUVI means embracing a tropical lifestyle where luxury blends seamlessly with nature and authenticity.","og_url":"https:\/\/ahuviresort.com\/fr\/lifestyle\/","og_site_name":"Ahuvi Resort","article_publisher":"https:\/\/www.facebook.com\/p\/Ahuvi-Golf-Spa-Resort-Nosy-Be-61577064327593\/","article_modified_time":"2025-10-01T19:48:52+00:00","og_image":[{"width":1980,"height":1319,"url":"https:\/\/ahuviresort.com\/wp-content\/uploads\/2025\/09\/woman-beach.webp","type":"image\/webp"}],"twitter_card":"summary_large_image","schema":{"@context":"https:\/\/schema.org","@graph":[{"@type":"WebPage","@id":"https:\/\/ahuviresort.com\/lifestyle\/","url":"https:\/\/ahuviresort.com\/lifestyle\/","name":"Lifestyle - Ahuvi Resort","isPartOf":{"@id":"https:\/\/ahuviresort.com\/fr\/#website"},"datePublished":"2025-06-20T12:11:46+00:00","dateModified":"2025-10-01T19:48:52+00:00","description":"Living at AHUVI means embracing a tropical lifestyle where luxury blends seamlessly with nature and authenticity.","breadcrumb":{"@id":"https:\/\/ahuviresort.com\/lifestyle\/#breadcrumb"},"inLanguage":"fr-FR","potentialAction":[{"@type":"ReadAction","target":["https:\/\/ahuviresort.com\/lifestyle\/"]}]},{"@type":"BreadcrumbList","@id":"https:\/\/ahuviresort.com\/lifestyle\/#breadcrumb","itemListElement":[{"@type":"ListItem","position":1,"name":"Home","item":"https:\/\/ahuviresort.com\/"},{"@type":"ListItem","position":2,"name":"Lifestyle"}]},{"@type":"WebSite","@id":"https:\/\/ahuviresort.com\/fr\/#website","url":"https:\/\/ahuviresort.com\/fr\/","name":"Ahuvi Golf and Spa Resort","description":"Golf &amp; Spa Resort","publisher":{"@id":"https:\/\/ahuviresort.com\/fr\/#organization"},"alternateName":"Ahuvi Resort","potentialAction":[{"@type":"SearchAction","target":{"@type":"EntryPoint","urlTemplate":"https:\/\/ahuviresort.com\/fr\/?s={search_term_string}"},"query-input":{"@type":"PropertyValueSpecification","valueRequired":true,"valueName":"search_term_string"}}],"inLanguage":"fr-FR"},{"@type":"Organization","@id":"https:\/\/ahuviresort.com\/fr\/#organization","name":"Ahuvi Golf and Spa Resort","url":"https:\/\/ahuviresort.com\/fr\/","logo":{"@type":"ImageObject","inLanguage":"fr-FR","@id":"https:\/\/ahuviresort.com\/fr\/#\/schema\/logo\/image\/","url":"https:\/\/ahuviresort.com\/wp-content\/uploads\/2025\/09\/ahuvi-logo.svg","contentUrl":"https:\/\/ahuviresort.com\/wp-content\/uploads\/2025\/09\/ahuvi-logo.svg","width":1,"height":1,"caption":"Ahuvi Golf and Spa Resort"},"image":{"@id":"https:\/\/ahuviresort.com\/fr\/#\/schema\/logo\/image\/"},"sameAs":["https:\/\/www.facebook.com\/p\/Ahuvi-Golf-Spa-Resort-Nosy-Be-61577064327593\/","https:\/\/www.youtube.com\/watch?v=9EuyoNVBDt8"]}]}},"_links":{"self":[{"href":"https:\/\/ahuviresort.com\/fr\/wp-json\/wp\/v2\/pages\/162","targetHints":{"allow":["GET"]}}],"collection":[{"href":"https:\/\/ahuviresort.com\/fr\/wp-json\/wp\/v2\/pages"}],"about":[{"href":"https:\/\/ahuviresort.com\/fr\/wp-json\/wp\/v2\/types\/page"}],"author":[{"embeddable":true,"href":"https:\/\/ahuviresort.com\/fr\/wp-json\/wp\/v2\/users\/1"}],"replies":[{"embeddable":true,"href":"https:\/\/ahuviresort.com\/fr\/wp-json\/wp\/v2\/comments?post=162"}],"version-history":[{"count":0,"href":"https:\/\/ahuviresort.com\/fr\/wp-json\/wp\/v2\/pages\/162\/revisions"}],"wp:attachment":[{"href":"https:\/\/ahuviresort.com\/fr\/wp-json\/wp\/v2\/media?parent=162"}],"curies":[{"name":"wp","href":"https:\/\/api.w.org\/{rel}","templated":true}]}}